{"id":334,"date":"2025-10-23T02:21:28","date_gmt":"2025-10-23T00:21:28","guid":{"rendered":"https:\/\/amad-loire.fr\/?page_id=334"},"modified":"2026-01-15T14:19:56","modified_gmt":"2026-01-15T12:19:56","slug":"centre-de-sante-bouanani","status":"publish","type":"page","link":"https:\/\/amad-loire.fr\/?page_id=334","title":{"rendered":"Centre de sant\u00e9 Lounis Bouanani"},"content":{"rendered":"\t\t<div data-elementor-type=\"wp-page\" data-elementor-id=\"334\" class=\"elementor elementor-334\">\n\t\t\t\t<div class=\"elementor-element elementor-element-246dbff e-flex e-con-boxed e-con e-parent\" data-id=\"246dbff\" data-element_type=\"container\">\n\t\t\t\t\t<div class=\"e-con-inner\">\n\t\t\t\t<div class=\"elementor-element elementor-element-5ed0bc2 elementor-widget elementor-widget-flex-hero\" data-id=\"5ed0bc2\" data-element_type=\"widget\" data-settings=\"{&quot;layout_preset&quot;:&quot;showcase&quot;,&quot;layout_column_structure&quot;:&quot;50-50&quot;,&quot;layout_image_position&quot;:&quot;end&quot;,&quot;primary_button_shape&quot;:&quot;default&quot;,&quot;image_shape&quot;:&quot;sharp&quot;,&quot;box_shape&quot;:&quot;sharp&quot;}\" data-widget_type=\"flex-hero.default\">\n\t\t\t\t<div class=\"elementor-widget-container\">\n\t\t\t\t\t\t\t<div class=\"has-shape-sharp shape-type-box has-column-structure-50-50  ehp-flex-hero has-layout-preset-showcase has-image-position-end\">\n\t\t\t\t\t\t<div class=\"ehp-flex-hero__overlay\"><\/div>\n\t\t\t<div class=\"ehp-flex-hero__content-container\">\n\t\t\t\t<h2 class=\"ehp-flex-hero__heading\">Centre de sant\u00e9 Lounis Bouanani<\/h2><h3 class=\"ehp-flex-hero__subheading\"><p>Informez-vous sur les soins et services disponibles au sein de notre centre<\/p><\/h3>\t\t\t<div class=\"ehp-flex-hero__ctas-container\">\n\t\t\t\t\t\t<a class=\"has-shape-default shape-type-button ehp-button ehp-button--primary ehp-flex-hero__button ehp-flex-hero__button--primary is-type-button\" href=\"https:\/\/www.doctolib.fr\/centre-de-sante\/saint-etienne\/centre-de-sante-lounis-bouanani\">\n\t\t\t\t\t<span class=\"ehp-button__text ehp-flex-hero__button-text ehp-flex-hero__button-text--primary\">\n\t\t\tPrenez rendez-vous sur Doctoblib\t\t\t\t<\/a>\n\t\t\t\t\t\t\t\t\t<\/div>\n\t\t\t\t\t<\/div>\n\t\t\t\t<div class=\"ehp-flex-hero__image-wrapper\">\n\t\t\t\t<\/div>\n\t\t\t\t<\/div>\n\t\t\t\t\t\t<\/div>\n\t\t\t\t<\/div>\n\t\t\t\t\t<\/div>\n\t\t\t\t<\/div>\n\t\t<div class=\"elementor-element elementor-element-74bc0a4 e-flex e-con-boxed e-con e-parent\" data-id=\"74bc0a4\" data-element_type=\"container\">\n\t\t\t\t\t<div class=\"e-con-inner\">\n\t\t<div class=\"elementor-element elementor-element-49c324c e-con-full e-flex e-con e-child\" data-id=\"49c324c\" data-element_type=\"container\">\n\t\t\t\t<\/div>\n\t\t<div class=\"elementor-element elementor-element-27c8dc3 e-con-full e-flex e-con e-child\" data-id=\"27c8dc3\" data-element_type=\"container\">\n\t\t\t\t<div class=\"elementor-element elementor-element-2b01796 elementor-widget-divider--view-line elementor-widget elementor-widget-divider\" data-id=\"2b01796\" data-element_type=\"widget\" data-widget_type=\"divider.default\">\n\t\t\t\t\t\t\t<div class=\"elementor-divider\">\n\t\t\t<span class=\"elementor-divider-separator\">\n\t\t\t\t\t\t<\/span>\n\t\t<\/div>\n\t\t\t\t\t\t<\/div>\n\t\t\t\t<\/div>\n\t\t<div class=\"elementor-element elementor-element-bc9c73a e-con-full e-flex e-con e-child\" data-id=\"bc9c73a\" data-element_type=\"container\">\n\t\t\t\t<\/div>\n\t\t\t\t\t<\/div>\n\t\t\t\t<\/div>\n\t\t<div class=\"elementor-element elementor-element-955d2c0 e-flex e-con-boxed e-con e-parent\" data-id=\"955d2c0\" data-element_type=\"container\">\n\t\t\t\t\t<div class=\"e-con-inner\">\n\t\t<div class=\"elementor-element elementor-element-93ce887 e-con-full e-flex e-con e-child\" data-id=\"93ce887\" data-element_type=\"container\">\n\t\t\t\t<\/div>\n\t\t<div class=\"elementor-element elementor-element-b4d4056 e-con-full e-flex e-con e-child\" data-id=\"b4d4056\" data-element_type=\"container\">\n\t\t\t\t<div class=\"elementor-element elementor-element-f407efc elementor-widget elementor-widget-heading\" data-id=\"f407efc\" data-element_type=\"widget\" data-widget_type=\"heading.default\">\n\t\t\t\t\t<h2 class=\"elementor-heading-title elementor-size-default\">Consultations<\/h2>\t\t\t\t<\/div>\n\t\t\t\t<\/div>\n\t\t<div class=\"elementor-element elementor-element-a4f0a70 e-con-full e-flex e-con e-child\" data-id=\"a4f0a70\" data-element_type=\"container\">\n\t\t\t\t<\/div>\n\t\t\t\t\t<\/div>\n\t\t\t\t<\/div>\n\t\t<div class=\"elementor-element elementor-element-8eebcc3 e-flex e-con-boxed e-con e-parent\" data-id=\"8eebcc3\" data-element_type=\"container\">\n\t\t\t\t\t<div class=\"e-con-inner\">\n\t\t\t\t<div class=\"elementor-element elementor-element-5e2669c elementor-widget elementor-widget-zigzag\" data-id=\"5e2669c\" data-element_type=\"widget\" data-settings=\"{&quot;primary_button_shape&quot;:&quot;default&quot;,&quot;image_shape&quot;:&quot;sharp&quot;}\" data-widget_type=\"zigzag.default\">\n\t\t\t\t<div class=\"elementor-widget-container\">\n\t\t\t\t\t\t\t<div class=\"ehp-zigzag has-direction-start\">\n\t\t\t\t\t\t\t<div class=\"ehp-zigzag__item-wrapper\">\n\t\t\t\t\t<div class=\"ehp-zigzag__item-container\">\n\t\t\t\t\t\t\t\t<div class=\"ehp-zigzag__graphic-element-container has-image\">\n\t\t\t\t\t\t<div class=\"ehp-image ehp-zigzag__image-container\">\n\t\t\t\t<img decoding=\"async\" class=\"ehp-image__img ehp-zigzag__img has-shape-sharp shape-type-image\" src=\"https:\/\/amad-loire.fr\/wp-content\/uploads\/2025\/11\/Medecin-generaliste.jpg\" title=\"M\u00e9decin g\u00e9n\u00e9raliste\" alt=\"M\u00e9decin g\u00e9n\u00e9raliste\" loading=\"lazy\" \/>\t\t\t<\/div>\n\t\t\t\t\t<\/div>\n\t\t\t\t<div class=\"ehp-zigzag__text-container is-graphic-image\">\n\t\t\t<h2 class=\"ehp-zigzag__title\">M\u00e9decine G\u00e9n\u00e9rale<\/h2><p class=\"ehp-zigzag__description\"><div style=\"color:#000000;font-family:'Poppins', sans-serif;font-size:16px;line-height:1.6\">\n  <p><strong>Des m\u00e9decins g\u00e9n\u00e9ralistes<\/strong> consultent sur rendez-vous du lundi au vendredi.<\/p>\n  <ul style=\"margin-top:8px;list-style-type:disc;padding-left:20px\">\n  <\/em><\/li>\n  <\/ul>\n<\/div>\n<\/p>\t\t<div class=\"ehp-zigzag__button-container\">\n\t\t\t<a class=\"ehp-button ehp-button--primary ehp-zigzag__button ehp-zigzag__button--primary is-type-button has-shape-default shape-type-button\">\n\t\t\t\t<span class=\"ehp-zigzag__button-text\">Nos consultations de m\u00e9decine g\u00e9n\u00e9rale sur Doctolib<\/span>\t\t\t\t\t<\/a>\n\t\t<\/div>\n\t\t\t\t<\/div>\n\t\t\t\t\t\t\t<\/div>\n\t\t\t\t<\/div>\n\t\t\t\t\t\t\t\t<div class=\"ehp-zigzag__item-wrapper\">\n\t\t\t\t\t<div class=\"ehp-zigzag__item-container\">\n\t\t\t\t\t\t\t\t<div class=\"ehp-zigzag__graphic-element-container has-image\">\n\t\t\t\t\t\t<div class=\"ehp-image ehp-zigzag__image-container ehp-image ehp-zigzag__image-container\">\n\t\t\t\t<img decoding=\"async\" class=\"ehp-image__img ehp-zigzag__img has-shape-sharp shape-type-image\" src=\"https:\/\/amad-loire.fr\/wp-content\/uploads\/2025\/11\/Dieteticienne.jpg\" title=\"Di\u00e9t\u00e9ticienne\" alt=\"Di\u00e9t\u00e9ticienne\" loading=\"lazy\" \/>\t\t\t<\/div>\n\t\t\t\t\t<\/div>\n\t\t\t\t<div class=\"ehp-zigzag__text-container is-graphic-image\">\n\t\t\t<h2 class=\"ehp-zigzag__title\">Di\u00e9t\u00e9tique - Nutrition<\/h2><p class=\"ehp-zigzag__description\"><div style=\"color:#000000;font-family:'Poppins', sans-serif;font-size:16px;line-height:1.6\">\n  <p>\n    Sp\u00e9cialiste de la nutrition, le <strong>di\u00e9t\u00e9ticien<\/strong> est un professionnel de sant\u00e9 dont la mission est \u00e0 la fois <strong>pr\u00e9ventive<\/strong> et <strong>curative<\/strong>. \n    Il contribue \u00e0 la pr\u00e9vention des risques cardiovasculaires et \u00e0 la gestion du poids, en accompagnant ses patients vers une <em>alimentation \u00e9quilibr\u00e9e<\/em> et un <em>r\u00e9gime adapt\u00e9 \u00e0 leurs besoins<\/em>.\n  <\/p>\n\n<\/div>\n<\/p>\t\t<div class=\"ehp-zigzag__button-container ehp-zigzag__button-container\">\n\t\t\t<a class=\"ehp-button ehp-button--primary ehp-zigzag__button ehp-zigzag__button--primary is-type-button has-shape-default shape-type-button\" href=\"https:\/\/www.doctolib.fr\/dieteticien\/veauche\/celine-grange?pid=establishment-18173\">\n\t\t\t\t<span class=\"ehp-zigzag__button-text\">Retrouvez votre di\u00e9t\u00e9ticienne sur Doctolib<\/span>\t\t\t\t\t<\/a>\n\t\t<\/div>\n\t\t\t\t<\/div>\n\t\t\t\t\t\t\t<\/div>\n\t\t\t\t<\/div>\n\t\t\t\t\t\t\t\t<div class=\"ehp-zigzag__item-wrapper\">\n\t\t\t\t\t<div class=\"ehp-zigzag__item-container\">\n\t\t\t\t\t\t\t\t<div class=\"ehp-zigzag__graphic-element-container has-image\">\n\t\t\t\t\t\t<div class=\"ehp-image ehp-zigzag__image-container ehp-image ehp-zigzag__image-container ehp-image ehp-zigzag__image-container\">\n\t\t\t\t<img decoding=\"async\" class=\"ehp-image__img ehp-zigzag__img has-shape-sharp shape-type-image\" src=\"https:\/\/amad-loire.fr\/wp-content\/uploads\/2025\/11\/Pediatrie.jpg\" title=\"P\u00e9diatrie\" alt=\"P\u00e9diatrie\" loading=\"lazy\" \/>\t\t\t<\/div>\n\t\t\t\t\t<\/div>\n\t\t\t\t<div class=\"ehp-zigzag__text-container is-graphic-image\">\n\t\t\t<h2 class=\"ehp-zigzag__title\">P\u00e9diatrie<\/h2><p class=\"ehp-zigzag__description\"><div style=\"color:#000000;font-family:'Poppins', sans-serif;font-size:16px;line-height:1.6\">\n  <p>\n    La <strong>p\u00e9diatrie<\/strong> est la sp\u00e9cialit\u00e9 m\u00e9dicale consacr\u00e9e \u00e0 la sant\u00e9 de l\u2019enfant, du nourrisson \u00e0 l\u2019adolescent. \n    Elle veille \u00e0 son d\u00e9veloppement, assure la pr\u00e9vention, le suivi et le traitement des maladies propres \u00e0 chaque \u00e2ge de la croissance.\n  <\/p>\n\n  <p style=\"margin-top:10px\">\n    Les <strong>consultations de p\u00e9diatrie<\/strong> sont assur\u00e9es par des m\u00e9decins sp\u00e9cialis\u00e9s.\n  <\/p>\n<\/div>\n<\/p>\t\t<div class=\"ehp-zigzag__button-container ehp-zigzag__button-container ehp-zigzag__button-container\">\n\t\t\t<a class=\"ehp-button ehp-button--primary ehp-zigzag__button ehp-zigzag__button--primary is-type-button has-shape-default shape-type-button\" href=\"https:\/\/www.doctolib.fr\/centre-de-sante\/saint-etienne\/centre-de-sante-lounis-bouanani\">\n\t\t\t\t<span class=\"ehp-zigzag__button-text\">Nos consultations de p\u00e9diatrie sur Doctolib<\/span>\t\t\t\t\t<\/a>\n\t\t<\/div>\n\t\t\t\t<\/div>\n\t\t\t\t\t\t\t<\/div>\n\t\t\t\t<\/div>\n\t\t\t\t\t\t\t\t<div class=\"ehp-zigzag__item-wrapper\">\n\t\t\t\t\t<div class=\"ehp-zigzag__item-container\">\n\t\t\t\t\t\t\t\t<div class=\"ehp-zigzag__graphic-element-container has-image\">\n\t\t\t\t\t\t<div class=\"ehp-image ehp-zigzag__image-container ehp-image ehp-zigzag__image-container ehp-image ehp-zigzag__image-container ehp-image ehp-zigzag__image-container\">\n\t\t\t\t<img decoding=\"async\" class=\"ehp-image__img ehp-zigzag__img has-shape-sharp shape-type-image\" src=\"https:\/\/amad-loire.fr\/wp-content\/uploads\/2025\/11\/elen-sher-l9gmNv3q7Z4-unsplash-scaled.jpg\" title=\"elen-sher-l9gmNv3q7Z4-unsplash\" alt=\"elen-sher-l9gmNv3q7Z4-unsplash\" loading=\"lazy\" \/>\t\t\t<\/div>\n\t\t\t\t\t<\/div>\n\t\t\t\t<div class=\"ehp-zigzag__text-container is-graphic-image\">\n\t\t\t<h2 class=\"ehp-zigzag__title\">Gyn\u00e9cologie<\/h2><p class=\"ehp-zigzag__description\"><div style=\"color:#000000;font-family:'Poppins', sans-serif;font-size:16px;line-height:1.6\">\n  <p>\n    La <strong>gyn\u00e9cologie<\/strong> est d\u00e9di\u00e9e \u00e0 la sant\u00e9 de la femme \u00e0 chaque \u00e9tape de la vie. \n    Elle comprend la pr\u00e9vention, le suivi, le d\u00e9pistage et la prise en charge des troubles hormonaux, gyn\u00e9cologiques et de la contraception.\n  <\/p>\n\n  <p style=\"margin-top:10px\">\n    Les <strong>consultations de gyn\u00e9cologie<\/strong> sont propos\u00e9es sur rendez-vous par des m\u00e9decins sp\u00e9cialis\u00e9s.\n  <\/p>\n<\/div>\n<\/p>\t\t<div class=\"ehp-zigzag__button-container ehp-zigzag__button-container ehp-zigzag__button-container ehp-zigzag__button-container\">\n\t\t\t<a class=\"ehp-button ehp-button--primary ehp-zigzag__button ehp-zigzag__button--primary is-type-button has-shape-default shape-type-button\" href=\"https:\/\/www.doctolib.fr\/centre-de-sante\/saint-etienne\/centre-de-sante-lounis-bouanani\">\n\t\t\t\t<span class=\"ehp-zigzag__button-text\">Nos consultations gyn\u00e9cologiques sur Doctolib<\/span>\t\t\t\t\t<\/a>\n\t\t<\/div>\n\t\t\t\t<\/div>\n\t\t\t\t\t\t\t<\/div>\n\t\t\t\t<\/div>\n\t\t\t\t\t\t\t<\/div>\n\t\t\t\t\t\t<\/div>\n\t\t\t\t<\/div>\n\t\t\t\t\t<\/div>\n\t\t\t\t<\/div>\n\t\t<div class=\"elementor-element elementor-element-3539c6c e-flex e-con-boxed e-con e-parent\" data-id=\"3539c6c\" data-element_type=\"container\">\n\t\t\t\t\t<div class=\"e-con-inner\">\n\t\t<div class=\"elementor-element elementor-element-4eaa5c0 e-con-full e-flex e-con e-child\" data-id=\"4eaa5c0\" data-element_type=\"container\">\n\t\t\t\t<\/div>\n\t\t<div class=\"elementor-element elementor-element-6da4b22 e-con-full e-flex e-con e-child\" data-id=\"6da4b22\" data-element_type=\"container\">\n\t\t\t\t<div class=\"elementor-element elementor-element-04ab244 elementor-widget-divider--view-line elementor-widget elementor-widget-divider\" data-id=\"04ab244\" data-element_type=\"widget\" data-widget_type=\"divider.default\">\n\t\t\t\t\t\t\t<div class=\"elementor-divider\">\n\t\t\t<span class=\"elementor-divider-separator\">\n\t\t\t\t\t\t<\/span>\n\t\t<\/div>\n\t\t\t\t\t\t<\/div>\n\t\t\t\t<\/div>\n\t\t<div class=\"elementor-element elementor-element-da264a9 e-con-full e-flex e-con e-child\" data-id=\"da264a9\" data-element_type=\"container\">\n\t\t\t\t<\/div>\n\t\t\t\t\t<\/div>\n\t\t\t\t<\/div>\n\t\t<div class=\"elementor-element elementor-element-02e0294 e-flex e-con-boxed e-con e-parent\" data-id=\"02e0294\" data-element_type=\"container\">\n\t\t\t\t\t<div class=\"e-con-inner\">\n\t\t<div class=\"elementor-element elementor-element-ade3fa9 e-con-full e-flex e-con e-child\" data-id=\"ade3fa9\" data-element_type=\"container\">\n\t\t\t\t<div class=\"elementor-element elementor-element-55b05a7 elementor-widget elementor-widget-heading\" data-id=\"55b05a7\" data-element_type=\"widget\" data-widget_type=\"heading.default\">\n\t\t\t\t\t<h2 class=\"elementor-heading-title elementor-size-default\">Coordonn\u00e9es du centre de sant\u00e9 Lounis Bouanani :<\/h2>\t\t\t\t<\/div>\n\t\t\t\t<\/div>\n\t\t<div class=\"elementor-element elementor-element-b102783 e-con-full e-flex e-con e-child\" data-id=\"b102783\" data-element_type=\"container\">\n\t\t\t\t<div class=\"elementor-element elementor-element-4158136 elementor-widget elementor-widget-text-editor\" data-id=\"4158136\" data-element_type=\"widget\" data-widget_type=\"text-editor.default\">\n\t\t\t\t\t\t\t\t\t<p>Adresse : 33 Place Bobby Sands, 42100 Saint-\u00c9tienne<\/p><p>T\u00e9l\u00e9phone : 04 77 12 53 90<\/p>\t\t\t\t\t\t\t\t<\/div>\n\t\t\t\t<\/div>\n\t\t\t\t\t<\/div>\n\t\t\t\t<\/div>\n\t\t<div class=\"elementor-element elementor-element-435a049 e-flex e-con-boxed e-con e-parent\" data-id=\"435a049\" data-element_type=\"container\">\n\t\t\t\t\t<div class=\"e-con-inner\">\n\t\t\t\t<div class=\"elementor-element elementor-element-e486186 elementor-widget elementor-widget-google_maps\" data-id=\"e486186\" data-element_type=\"widget\" data-widget_type=\"google_maps.default\">\n\t\t\t\t\t\t\t<div class=\"elementor-custom-embed\">\n\t\t\t<iframe loading=\"lazy\"\n\t\t\t\t\tsrc=\"https:\/\/maps.google.com\/maps?q=33%20Place%20Bobby%20Sands%2C%2042100%20Saint-%C3%89tienne&#038;t=m&#038;z=11&#038;output=embed&#038;iwloc=near\"\n\t\t\t\t\ttitle=\"33 Place Bobby Sands, 42100 Saint-\u00c9tienne\"\n\t\t\t\t\taria-label=\"33 Place Bobby Sands, 42100 Saint-\u00c9tienne\"\n\t\t\t><\/iframe>\n\t\t<\/div>\n\t\t\t\t\t\t<\/div>\n\t\t\t\t\t<\/div>\n\t\t\t\t<\/div>\n\t\t\t\t<\/div>\n\t\t","protected":false},"excerpt":{"rendered":"<p>Centre de sant\u00e9 Lounis Bouanani Informez-vous sur les soins et services disponibles au sein de notre centre Prenez rendez-vous sur Doctoblib Consultations M\u00e9decine G\u00e9n\u00e9rale Des m\u00e9decins g\u00e9n\u00e9ralistes consultent sur rendez-vous du lundi au vendredi. Nos consultations de m\u00e9decine g\u00e9n\u00e9rale sur Doctolib Di\u00e9t\u00e9tique &#8211; Nutrition Sp\u00e9cialiste de la nutrition, le di\u00e9t\u00e9ticien est un professionnel de sant\u00e9 [&hellip;]<\/p>\n","protected":false},"author":1,"featured_media":0,"parent":0,"menu_order":0,"comment_status":"closed","ping_status":"closed","template":"","meta":{"footnotes":""},"class_list":["post-334","page","type-page","status-publish","hentry"],"_links":{"self":[{"href":"https:\/\/amad-loire.fr\/index.php?rest_route=\/wp\/v2\/pages\/334","targetHints":{"allow":["GET"]}}],"collection":[{"href":"https:\/\/amad-loire.fr\/index.php?rest_route=\/wp\/v2\/pages"}],"about":[{"href":"https:\/\/amad-loire.fr\/index.php?rest_route=\/wp\/v2\/types\/page"}],"author":[{"embeddable":true,"href":"https:\/\/amad-loire.fr\/index.php?rest_route=\/wp\/v2\/users\/1"}],"replies":[{"embeddable":true,"href":"https:\/\/amad-loire.fr\/index.php?rest_route=%2Fwp%2Fv2%2Fcomments&post=334"}],"version-history":[{"count":74,"href":"https:\/\/amad-loire.fr\/index.php?rest_route=\/wp\/v2\/pages\/334\/revisions"}],"predecessor-version":[{"id":1214,"href":"https:\/\/amad-loire.fr\/index.php?rest_route=\/wp\/v2\/pages\/334\/revisions\/1214"}],"wp:attachment":[{"href":"https:\/\/amad-loire.fr\/index.php?rest_route=%2Fwp%2Fv2%2Fmedia&parent=334"}],"curies":[{"name":"wp","href":"https:\/\/api.w.org\/{rel}","templated":true}]}}